{"id":11,"date":"2020-11-16T22:34:39","date_gmt":"2020-11-17T01:34:39","guid":{"rendered":"http:\/\/myrobot.com.py\/?page_id=11"},"modified":"2022-06-22T16:13:52","modified_gmt":"2022-06-22T19:13:52","slug":"quem-somos","status":"publish","type":"page","link":"https:\/\/myrobot.com.py\/?page_id=11","title":{"rendered":"Quienes somos"},"content":{"rendered":"\r\n<div class=\"wp-container-3 wp-block-columns\">\r\n<div class=\"wp-container-1 wp-block-column\">\r\n<h2 id=\"my-robot-en-brasil\"><strong>My Robot <\/strong>en Brasil<\/h2>\r\n\r\n\r\n\r\n<p>MY ROBOT SCHOOL es una escuela de rob\u00f3tica y programaci\u00f3n creada para atender a ni\u00f1os, j\u00f3venes y adultos que quieran comprender y dominar las tecnolog\u00edas de la Era Digital.<\/p>\r\n\r\n\r\n\r\n<p>Comenzamos en Corea del Sur en 2008 y r\u00e1pidamente nos expandimos a m\u00e1s de 16 pa\u00edses y actualmente contamos con m\u00e1s de 350 ubicaciones en todo el mundo. En Brasil, ya hay m\u00e1s de 40 unidades My Robot.<\/p>\r\n\r\n\r\n\r\n<p>Adem\u00e1s, somos los organizadores de una de las competencias de rob\u00f3tica m\u00e1s grandes del mundo, el \u201cIYRC\u201d INTERNATIONAL STUDENT ROBOTICS CHAMPIONSHIP y nuestros estudiantes tienen la oportunidad de participar en las etapas: regional, estatal y nacional, pudiendo incluso optar a la Escenario mundial este evento de renombre y conocer otros pa\u00edses y culturas.<\/p>\r\n<\/div>\r\n\r\n\r\n\r\n<div class=\"wp-container-2 wp-block-column\">\r\n<figure class=\"wp-block-image size-large\"><img loading=\"lazy\" width=\"600\" height=\"400\" class=\"wp-image-241\" src=\"http:\/\/myrobot.com.py\/wp-content\/uploads\/2021\/03\/home-recepcao-unidade.jpg\" alt=\"My Robot\" srcset=\"https:\/\/myrobot.com.py\/wp-content\/uploads\/2021\/03\/home-recepcao-unidade.jpg 600w, https:\/\/myrobot.com.py\/wp-content\/uploads\/2021\/03\/home-recepcao-unidade-300x200.jpg 300w\" sizes=\"(max-width: 600px) 100vw, 600px\" \/><\/figure>\r\n<\/div>\r\n<\/div>\r\n\r\n\r\n\r\n<p>Lo que diferencia a MY ROBOT SCHOOL de otras escuelas tecnol\u00f3gicas es su innovador m\u00e9todo de ense\u00f1anza compuesto por tecnolog\u00edas de punta respetando los est\u00e1ndares de calidad mundial. Adem\u00e1s, MY ROBOT SCHOOL es fabricante de kits de rob\u00f3tica, lo que favorece la flexibilidad de adaptar su contenido did\u00e1ctico en cada pa\u00eds y tambi\u00e9n favorece la actualizaci\u00f3n constante.<\/p>\r\n\r\n\r\n\r\n<div class=\"wp-block-spacer\" style=\"height: 50px;\" aria-hidden=\"true\">\u00a0<\/div>\r\n\r\n\r\n\r\n<div class=\"wp-container-6 wp-block-columns\">\r\n<div class=\"wp-container-4 wp-block-column\">\r\n<h2 id=\"mision\" class=\"has-text-align-center\"><strong>Misi\u00f3n<\/strong><\/h2>\r\n\r\n\r\n\r\n<p class=\"has-text-align-center\">Ser un referente nacional e internacional en la ense\u00f1anza de la tecnolog\u00eda y las innovaciones. Formar personas para el futuro asegurando su competitividad escolar y empleabilidad.<\/p>\r\n\r\n\r\n\r\n<div class=\"wp-block-spacer\" style=\"height: 30px;\" aria-hidden=\"true\">\u00a0<\/div>\r\n<\/div>\r\n\r\n\r\n\r\n<div class=\"wp-container-5 wp-block-column\">\r\n<h2 id=\"vista\" class=\"has-text-align-center\"><strong>Vista<\/strong><\/h2>\r\n\r\n\r\n\r\n<p class=\"has-text-align-center\">Asegurar una educaci\u00f3n de calidad en tecnolog\u00eda para nuestros estudiantes, contribuyendo a su desarrollo educativo y profesional. Aportar valor a nuestros franquiciados en base a un crecimiento s\u00f3lido y rentable. Impulsar el crecimiento de nuestros empleados e inspirarlos en nuevos desaf\u00edos<\/p>\r\n<\/div>\r\n<\/div>\r\n\r\n\r\n\r\n<div class=\"wp-block-spacer\" style=\"height: 70px;\" aria-hidden=\"true\">\u00a0<\/div>\r\n\r\n\r\n\r\n<div class=\"wp-container-9 wp-block-columns\">\r\n<div class=\"wp-container-7 wp-block-column\">\r\n<h2 id=\"saber-un-poco-mas\"><strong><strong>Saber un poco m\u00e1s<\/strong><\/strong><\/h2>\r\n\r\n\r\n\r\n<p>My Robot School es una escuela que utiliza tecnolog\u00eda de punta para ense\u00f1ar rob\u00f3tica y programaci\u00f3n. En My Robot School nuestros alumnos de todas las edades pueden materializar sus ideas, creando sus propios proyectos, agudizando su creatividad y desarrollando una visi\u00f3n tecnol\u00f3gica y constructiva del futuro. Se les anima con cada proyecto a ser m\u00e1s investigativos, teniendo la oportunidad de desarrollar su aprendizaje a trav\u00e9s de los conocimientos adquiridos, sus experiencias, retos y trabajo en equipo.<\/p>\r\n<\/div>\r\n\r\n\r\n\r\n<div class=\"wp-container-8 wp-block-column\">\r\n<figure class=\"wp-block-embed is-type-video is-provider-youtube wp-block-embed-youtube wp-embed-aspect-16-9 wp-has-aspect-ratio\">\r\n<div class=\"wp-block-embed__wrapper\">https:\/\/www.youtube.com\/watch?v=DET1EnWxrN8<\/div>\r\n<\/figure>\r\n<\/div>\r\n<\/div>\r\n\r\n\r\n\r\n<div class=\"wp-block-spacer\" style=\"height: 40px;\" aria-hidden=\"true\">\u00a0<\/div>\r\n","protected":false},"excerpt":{"rendered":"<p>My Robot en Brasil MY ROBOT SCHOOL es una escuela de rob\u00f3tica y programaci\u00f3n creada para atender a ni\u00f1os, j\u00f3venes y adultos que quieran comprender y dominar las tecnolog\u00edas de la Era Digital. Comenzamos en Corea del Sur en 2008 y r\u00e1pidamente nos expandimos a m\u00e1s de 16 pa\u00edses y actualmente contamos con m\u00e1s de<\/p>\n","protected":false},"author":1,"featured_media":367,"parent":0,"menu_order":0,"comment_status":"closed","ping_status":"open","template":"","meta":[],"acf":[],"yoast_head":"<!-- This site is optimized with the Yoast SEO plugin v19.2 - https:\/\/yoast.com\/wordpress\/plugins\/seo\/ -->\n<title>Quienes somos - My Robot School<\/title>\n<meta name=\"description\" content=\"MY ROBOT SCHOOL es una escuela de rob\u00f3tica y programaci\u00f3n creada para atender a ni\u00f1os, j\u00f3venes y adultos que quieran dominar la tecnolog\u00eda en medio de la Era Digital.\" \/>\n<meta name=\"robots\" content=\"index, follow, max-snippet:-1, max-image-preview:large, max-video-preview:-1\" \/>\n<link rel=\"canonical\" href=\"https:\/\/myrobot.com.py\/?page_id=11\" \/>\n<meta property=\"og:locale\" content=\"pt_BR\" \/>\n<meta property=\"og:type\" content=\"article\" \/>\n<meta property=\"og:title\" content=\"Quienes somos - My Robot School\" \/>\n<meta property=\"og:description\" content=\"MY ROBOT SCHOOL es una escuela de rob\u00f3tica y programaci\u00f3n creada para atender a ni\u00f1os, j\u00f3venes y adultos que quieran dominar la tecnolog\u00eda en medio de la Era Digital.\" \/>\n<meta property=\"og:url\" content=\"https:\/\/myrobot.com.py\/?page_id=11\" \/>\n<meta property=\"og:site_name\" content=\"My Robot School\" \/>\n<meta property=\"article:modified_time\" content=\"2022-06-22T19:13:52+00:00\" \/>\n<meta property=\"og:image\" content=\"https:\/\/myrobot.com.py\/wp-content\/uploads\/2021\/03\/front.jpg\" \/>\n\t<meta property=\"og:image:width\" content=\"1242\" \/>\n\t<meta property=\"og:image:height\" content=\"1221\" \/>\n\t<meta property=\"og:image:type\" content=\"image\/jpeg\" \/>\n<meta name=\"author\" content=\"Matheus\" \/>\n<meta name=\"twitter:card\" content=\"summary_large_image\" \/>\n<meta name=\"twitter:label1\" content=\"Est. tempo de leitura\" \/>\n\t<meta name=\"twitter:data1\" content=\"2 minutos\" \/>\n<script type=\"application\/ld+json\" class=\"yoast-schema-graph\">{\"@context\":\"https:\/\/schema.org\",\"@graph\":[{\"@type\":\"Organization\",\"@id\":\"https:\/\/myrobot.com.py\/#organization\",\"name\":\"My Robot\",\"url\":\"https:\/\/myrobot.com.py\/\",\"sameAs\":[],\"logo\":{\"@type\":\"ImageObject\",\"inLanguage\":\"pt-BR\",\"@id\":\"https:\/\/myrobot.com.py\/#\/schema\/logo\/image\/\",\"url\":\"http:\/\/myrobot.com.py\/wp-content\/uploads\/2021\/01\/logo.png\",\"contentUrl\":\"http:\/\/myrobot.com.py\/wp-content\/uploads\/2021\/01\/logo.png\",\"width\":300,\"height\":74,\"caption\":\"My Robot\"},\"image\":{\"@id\":\"https:\/\/myrobot.com.py\/#\/schema\/logo\/image\/\"}},{\"@type\":\"WebSite\",\"@id\":\"https:\/\/myrobot.com.py\/#website\",\"url\":\"https:\/\/myrobot.com.py\/\",\"name\":\"My Robot School\",\"description\":\"\",\"publisher\":{\"@id\":\"https:\/\/myrobot.com.py\/#organization\"},\"potentialAction\":[{\"@type\":\"SearchAction\",\"target\":{\"@type\":\"EntryPoint\",\"urlTemplate\":\"https:\/\/myrobot.com.py\/?s={search_term_string}\"},\"query-input\":\"required name=search_term_string\"}],\"inLanguage\":\"pt-BR\"},{\"@type\":\"ImageObject\",\"inLanguage\":\"pt-BR\",\"@id\":\"https:\/\/myrobot.com.py\/?page_id=11#primaryimage\",\"url\":\"https:\/\/myrobot.com.py\/wp-content\/uploads\/2021\/03\/front.jpg\",\"contentUrl\":\"https:\/\/myrobot.com.py\/wp-content\/uploads\/2021\/03\/front.jpg\",\"width\":1242,\"height\":1221},{\"@type\":\"WebPage\",\"@id\":\"https:\/\/myrobot.com.py\/?page_id=11#webpage\",\"url\":\"https:\/\/myrobot.com.py\/?page_id=11\",\"name\":\"Quienes somos - My Robot School\",\"isPartOf\":{\"@id\":\"https:\/\/myrobot.com.py\/#website\"},\"primaryImageOfPage\":{\"@id\":\"https:\/\/myrobot.com.py\/?page_id=11#primaryimage\"},\"datePublished\":\"2020-11-17T01:34:39+00:00\",\"dateModified\":\"2022-06-22T19:13:52+00:00\",\"description\":\"MY ROBOT SCHOOL es una escuela de rob\u00f3tica y programaci\u00f3n creada para atender a ni\u00f1os, j\u00f3venes y adultos que quieran dominar la tecnolog\u00eda en medio de la Era Digital.\",\"breadcrumb\":{\"@id\":\"https:\/\/myrobot.com.py\/?page_id=11#breadcrumb\"},\"inLanguage\":\"pt-BR\",\"potentialAction\":[{\"@type\":\"ReadAction\",\"target\":[\"https:\/\/myrobot.com.py\/?page_id=11\"]}]},{\"@type\":\"BreadcrumbList\",\"@id\":\"https:\/\/myrobot.com.py\/?page_id=11#breadcrumb\",\"itemListElement\":[{\"@type\":\"ListItem\",\"position\":1,\"name\":\"Home\",\"item\":\"https:\/\/myrobot.com.py\/\"},{\"@type\":\"ListItem\",\"position\":2,\"name\":\"Quienes somos\"}]}]}<\/script>\n<!-- \/ Yoast SEO plugin. -->","yoast_head_json":{"title":"Quienes somos - My Robot School","description":"MY ROBOT SCHOOL es una escuela de rob\u00f3tica y programaci\u00f3n creada para atender a ni\u00f1os, j\u00f3venes y adultos que quieran dominar la tecnolog\u00eda en medio de la Era Digital.","robots":{"index":"index","follow":"follow","max-snippet":"max-snippet:-1","max-image-preview":"max-image-preview:large","max-video-preview":"max-video-preview:-1"},"canonical":"https:\/\/myrobot.com.py\/?page_id=11","og_locale":"pt_BR","og_type":"article","og_title":"Quienes somos - My Robot School","og_description":"MY ROBOT SCHOOL es una escuela de rob\u00f3tica y programaci\u00f3n creada para atender a ni\u00f1os, j\u00f3venes y adultos que quieran dominar la tecnolog\u00eda en medio de la Era Digital.","og_url":"https:\/\/myrobot.com.py\/?page_id=11","og_site_name":"My Robot School","article_modified_time":"2022-06-22T19:13:52+00:00","og_image":[{"width":1242,"height":1221,"url":"https:\/\/myrobot.com.py\/wp-content\/uploads\/2021\/03\/front.jpg","type":"image\/jpeg"}],"author":"Matheus","twitter_card":"summary_large_image","twitter_misc":{"Est. tempo de leitura":"2 minutos"},"schema":{"@context":"https:\/\/schema.org","@graph":[{"@type":"Organization","@id":"https:\/\/myrobot.com.py\/#organization","name":"My Robot","url":"https:\/\/myrobot.com.py\/","sameAs":[],"logo":{"@type":"ImageObject","inLanguage":"pt-BR","@id":"https:\/\/myrobot.com.py\/#\/schema\/logo\/image\/","url":"http:\/\/myrobot.com.py\/wp-content\/uploads\/2021\/01\/logo.png","contentUrl":"http:\/\/myrobot.com.py\/wp-content\/uploads\/2021\/01\/logo.png","width":300,"height":74,"caption":"My Robot"},"image":{"@id":"https:\/\/myrobot.com.py\/#\/schema\/logo\/image\/"}},{"@type":"WebSite","@id":"https:\/\/myrobot.com.py\/#website","url":"https:\/\/myrobot.com.py\/","name":"My Robot School","description":"","publisher":{"@id":"https:\/\/myrobot.com.py\/#organization"},"potentialAction":[{"@type":"SearchAction","target":{"@type":"EntryPoint","urlTemplate":"https:\/\/myrobot.com.py\/?s={search_term_string}"},"query-input":"required name=search_term_string"}],"inLanguage":"pt-BR"},{"@type":"ImageObject","inLanguage":"pt-BR","@id":"https:\/\/myrobot.com.py\/?page_id=11#primaryimage","url":"https:\/\/myrobot.com.py\/wp-content\/uploads\/2021\/03\/front.jpg","contentUrl":"https:\/\/myrobot.com.py\/wp-content\/uploads\/2021\/03\/front.jpg","width":1242,"height":1221},{"@type":"WebPage","@id":"https:\/\/myrobot.com.py\/?page_id=11#webpage","url":"https:\/\/myrobot.com.py\/?page_id=11","name":"Quienes somos - My Robot School","isPartOf":{"@id":"https:\/\/myrobot.com.py\/#website"},"primaryImageOfPage":{"@id":"https:\/\/myrobot.com.py\/?page_id=11#primaryimage"},"datePublished":"2020-11-17T01:34:39+00:00","dateModified":"2022-06-22T19:13:52+00:00","description":"MY ROBOT SCHOOL es una escuela de rob\u00f3tica y programaci\u00f3n creada para atender a ni\u00f1os, j\u00f3venes y adultos que quieran dominar la tecnolog\u00eda en medio de la Era Digital.","breadcrumb":{"@id":"https:\/\/myrobot.com.py\/?page_id=11#breadcrumb"},"inLanguage":"pt-BR","potentialAction":[{"@type":"ReadAction","target":["https:\/\/myrobot.com.py\/?page_id=11"]}]},{"@type":"BreadcrumbList","@id":"https:\/\/myrobot.com.py\/?page_id=11#breadcrumb","itemListElement":[{"@type":"ListItem","position":1,"name":"Home","item":"https:\/\/myrobot.com.py\/"},{"@type":"ListItem","position":2,"name":"Quienes somos"}]}]}},"_links":{"self":[{"href":"https:\/\/myrobot.com.py\/index.php?rest_route=\/wp\/v2\/pages\/11"}],"collection":[{"href":"https:\/\/myrobot.com.py\/index.php?rest_route=\/wp\/v2\/pages"}],"about":[{"href":"https:\/\/myrobot.com.py\/index.php?rest_route=\/wp\/v2\/types\/page"}],"author":[{"embeddable":true,"href":"https:\/\/myrobot.com.py\/index.php?rest_route=\/wp\/v2\/users\/1"}],"replies":[{"embeddable":true,"href":"https:\/\/myrobot.com.py\/index.php?rest_route=%2Fwp%2Fv2%2Fcomments&post=11"}],"version-history":[{"count":74,"href":"https:\/\/myrobot.com.py\/index.php?rest_route=\/wp\/v2\/pages\/11\/revisions"}],"predecessor-version":[{"id":480,"href":"https:\/\/myrobot.com.py\/index.php?rest_route=\/wp\/v2\/pages\/11\/revisions\/480"}],"wp:featuredmedia":[{"embeddable":true,"href":"https:\/\/myrobot.com.py\/index.php?rest_route=\/wp\/v2\/media\/367"}],"wp:attachment":[{"href":"https:\/\/myrobot.com.py\/index.php?rest_route=%2Fwp%2Fv2%2Fmedia&parent=11"}],"curies":[{"name":"wp","href":"https:\/\/api.w.org\/{rel}","templated":true}]}}