{"id":237,"date":"2021-03-13T03:02:21","date_gmt":"2021-03-13T06:02:21","guid":{"rendered":"http:\/\/myrobot.com.py\/?page_id=237"},"modified":"2022-02-18T10:21:38","modified_gmt":"2022-02-18T13:21:38","slug":"seja-franqueado","status":"publish","type":"page","link":"https:\/\/myrobot.com.py\/?page_id=237","title":{"rendered":"Ser franquiciado"},"content":{"rendered":"\n\n\n\n<p><\/p>\n","protected":false},"excerpt":{"rendered":"","protected":false},"author":1,"featured_media":0,"parent":0,"menu_order":0,"comment_status":"closed","ping_status":"closed","template":"page-templates\/blank.php","meta":[],"acf":[],"yoast_head":"<!-- This site is optimized with the Yoast SEO plugin v19.2 - https:\/\/yoast.com\/wordpress\/plugins\/seo\/ -->\n<title>Ser un franquiciado - My Robot School<\/title>\n<meta name=\"description\" content=\"Ven a formar parte de la red de franquicias de rob\u00f3tica m\u00e1s grande del mundo. Mucha tecnolog\u00eda e innovaci\u00f3n en la ense\u00f1anza de la rob\u00f3tica y la programaci\u00f3n con bajos costos operativos y gran rentabilidad.\" \/>\n<meta name=\"robots\" content=\"index, follow, max-snippet:-1, max-image-preview:large, max-video-preview:-1\" \/>\n<link rel=\"canonical\" href=\"https:\/\/myrobot.com.py\/?page_id=237\" \/>\n<meta property=\"og:locale\" content=\"pt_BR\" \/>\n<meta property=\"og:type\" content=\"article\" \/>\n<meta property=\"og:title\" content=\"Ser un franquiciado - My Robot School\" \/>\n<meta property=\"og:description\" content=\"Ven a formar parte de la red de franquicias de rob\u00f3tica m\u00e1s grande del mundo. Mucha tecnolog\u00eda e innovaci\u00f3n en la ense\u00f1anza de la rob\u00f3tica y la programaci\u00f3n con bajos costos operativos y gran rentabilidad.\" \/>\n<meta property=\"og:url\" content=\"https:\/\/myrobot.com.py\/?page_id=237\" \/>\n<meta property=\"og:site_name\" content=\"My Robot School\" \/>\n<meta property=\"article:modified_time\" content=\"2022-02-18T13:21:38+00:00\" \/>\n<meta name=\"author\" content=\"Matheus\" \/>\n<meta name=\"twitter:card\" content=\"summary_large_image\" \/>\n<meta name=\"twitter:label1\" content=\"Est. tempo de leitura\" \/>\n\t<meta name=\"twitter:data1\" content=\"1 minuto\" \/>\n<script type=\"application\/ld+json\" class=\"yoast-schema-graph\">{\"@context\":\"https:\/\/schema.org\",\"@graph\":[{\"@type\":\"Organization\",\"@id\":\"https:\/\/myrobot.com.py\/#organization\",\"name\":\"My Robot\",\"url\":\"https:\/\/myrobot.com.py\/\",\"sameAs\":[],\"logo\":{\"@type\":\"ImageObject\",\"inLanguage\":\"pt-BR\",\"@id\":\"https:\/\/myrobot.com.py\/#\/schema\/logo\/image\/\",\"url\":\"http:\/\/myrobot.com.py\/wp-content\/uploads\/2021\/01\/logo.png\",\"contentUrl\":\"http:\/\/myrobot.com.py\/wp-content\/uploads\/2021\/01\/logo.png\",\"width\":300,\"height\":74,\"caption\":\"My Robot\"},\"image\":{\"@id\":\"https:\/\/myrobot.com.py\/#\/schema\/logo\/image\/\"}},{\"@type\":\"WebSite\",\"@id\":\"https:\/\/myrobot.com.py\/#website\",\"url\":\"https:\/\/myrobot.com.py\/\",\"name\":\"My Robot School\",\"description\":\"\",\"publisher\":{\"@id\":\"https:\/\/myrobot.com.py\/#organization\"},\"potentialAction\":[{\"@type\":\"SearchAction\",\"target\":{\"@type\":\"EntryPoint\",\"urlTemplate\":\"https:\/\/myrobot.com.py\/?s={search_term_string}\"},\"query-input\":\"required name=search_term_string\"}],\"inLanguage\":\"pt-BR\"},{\"@type\":\"WebPage\",\"@id\":\"https:\/\/myrobot.com.py\/?page_id=237#webpage\",\"url\":\"https:\/\/myrobot.com.py\/?page_id=237\",\"name\":\"Ser un franquiciado - My Robot School\",\"isPartOf\":{\"@id\":\"https:\/\/myrobot.com.py\/#website\"},\"datePublished\":\"2021-03-13T06:02:21+00:00\",\"dateModified\":\"2022-02-18T13:21:38+00:00\",\"description\":\"Ven a formar parte de la red de franquicias de rob\u00f3tica m\u00e1s grande del mundo. Mucha tecnolog\u00eda e innovaci\u00f3n en la ense\u00f1anza de la rob\u00f3tica y la programaci\u00f3n con bajos costos operativos y gran rentabilidad.\",\"breadcrumb\":{\"@id\":\"https:\/\/myrobot.com.py\/?page_id=237#breadcrumb\"},\"inLanguage\":\"pt-BR\",\"potentialAction\":[{\"@type\":\"ReadAction\",\"target\":[\"https:\/\/myrobot.com.py\/?page_id=237\"]}]},{\"@type\":\"BreadcrumbList\",\"@id\":\"https:\/\/myrobot.com.py\/?page_id=237#breadcrumb\",\"itemListElement\":[{\"@type\":\"ListItem\",\"position\":1,\"name\":\"Home\",\"item\":\"https:\/\/myrobot.com.py\/\"},{\"@type\":\"ListItem\",\"position\":2,\"name\":\"Ser franquiciado\"}]}]}<\/script>\n<!-- \/ Yoast SEO plugin. -->","yoast_head_json":{"title":"Ser un franquiciado - My Robot School","description":"Ven a formar parte de la red de franquicias de rob\u00f3tica m\u00e1s grande del mundo. Mucha tecnolog\u00eda e innovaci\u00f3n en la ense\u00f1anza de la rob\u00f3tica y la programaci\u00f3n con bajos costos operativos y gran rentabilidad.","robots":{"index":"index","follow":"follow","max-snippet":"max-snippet:-1","max-image-preview":"max-image-preview:large","max-video-preview":"max-video-preview:-1"},"canonical":"https:\/\/myrobot.com.py\/?page_id=237","og_locale":"pt_BR","og_type":"article","og_title":"Ser un franquiciado - My Robot School","og_description":"Ven a formar parte de la red de franquicias de rob\u00f3tica m\u00e1s grande del mundo. Mucha tecnolog\u00eda e innovaci\u00f3n en la ense\u00f1anza de la rob\u00f3tica y la programaci\u00f3n con bajos costos operativos y gran rentabilidad.","og_url":"https:\/\/myrobot.com.py\/?page_id=237","og_site_name":"My Robot School","article_modified_time":"2022-02-18T13:21:38+00:00","author":"Matheus","twitter_card":"summary_large_image","twitter_misc":{"Est. tempo de leitura":"1 minuto"},"schema":{"@context":"https:\/\/schema.org","@graph":[{"@type":"Organization","@id":"https:\/\/myrobot.com.py\/#organization","name":"My Robot","url":"https:\/\/myrobot.com.py\/","sameAs":[],"logo":{"@type":"ImageObject","inLanguage":"pt-BR","@id":"https:\/\/myrobot.com.py\/#\/schema\/logo\/image\/","url":"http:\/\/myrobot.com.py\/wp-content\/uploads\/2021\/01\/logo.png","contentUrl":"http:\/\/myrobot.com.py\/wp-content\/uploads\/2021\/01\/logo.png","width":300,"height":74,"caption":"My Robot"},"image":{"@id":"https:\/\/myrobot.com.py\/#\/schema\/logo\/image\/"}},{"@type":"WebSite","@id":"https:\/\/myrobot.com.py\/#website","url":"https:\/\/myrobot.com.py\/","name":"My Robot School","description":"","publisher":{"@id":"https:\/\/myrobot.com.py\/#organization"},"potentialAction":[{"@type":"SearchAction","target":{"@type":"EntryPoint","urlTemplate":"https:\/\/myrobot.com.py\/?s={search_term_string}"},"query-input":"required name=search_term_string"}],"inLanguage":"pt-BR"},{"@type":"WebPage","@id":"https:\/\/myrobot.com.py\/?page_id=237#webpage","url":"https:\/\/myrobot.com.py\/?page_id=237","name":"Ser un franquiciado - My Robot School","isPartOf":{"@id":"https:\/\/myrobot.com.py\/#website"},"datePublished":"2021-03-13T06:02:21+00:00","dateModified":"2022-02-18T13:21:38+00:00","description":"Ven a formar parte de la red de franquicias de rob\u00f3tica m\u00e1s grande del mundo. Mucha tecnolog\u00eda e innovaci\u00f3n en la ense\u00f1anza de la rob\u00f3tica y la programaci\u00f3n con bajos costos operativos y gran rentabilidad.","breadcrumb":{"@id":"https:\/\/myrobot.com.py\/?page_id=237#breadcrumb"},"inLanguage":"pt-BR","potentialAction":[{"@type":"ReadAction","target":["https:\/\/myrobot.com.py\/?page_id=237"]}]},{"@type":"BreadcrumbList","@id":"https:\/\/myrobot.com.py\/?page_id=237#breadcrumb","itemListElement":[{"@type":"ListItem","position":1,"name":"Home","item":"https:\/\/myrobot.com.py\/"},{"@type":"ListItem","position":2,"name":"Ser franquiciado"}]}]}},"_links":{"self":[{"href":"https:\/\/myrobot.com.py\/index.php?rest_route=\/wp\/v2\/pages\/237"}],"collection":[{"href":"https:\/\/myrobot.com.py\/index.php?rest_route=\/wp\/v2\/pages"}],"about":[{"href":"https:\/\/myrobot.com.py\/index.php?rest_route=\/wp\/v2\/types\/page"}],"author":[{"embeddable":true,"href":"https:\/\/myrobot.com.py\/index.php?rest_route=\/wp\/v2\/users\/1"}],"replies":[{"embeddable":true,"href":"https:\/\/myrobot.com.py\/index.php?rest_route=%2Fwp%2Fv2%2Fcomments&post=237"}],"version-history":[{"count":5,"href":"https:\/\/myrobot.com.py\/index.php?rest_route=\/wp\/v2\/pages\/237\/revisions"}],"predecessor-version":[{"id":428,"href":"https:\/\/myrobot.com.py\/index.php?rest_route=\/wp\/v2\/pages\/237\/revisions\/428"}],"wp:attachment":[{"href":"https:\/\/myrobot.com.py\/index.php?rest_route=%2Fwp%2Fv2%2Fmedia&parent=237"}],"curies":[{"name":"wp","href":"https:\/\/api.w.org\/{rel}","templated":true}]}}